{"id":3487,"date":"2016-04-22T13:29:38","date_gmt":"2016-04-22T13:29:38","guid":{"rendered":"http:\/\/ratio.edge-themes.com\/?page_id=3487"},"modified":"2016-04-22T13:29:38","modified_gmt":"2016-04-22T13:29:38","slug":"three-columns-space","status":"publish","type":"page","link":"https:\/\/www.polatkanyapi.com\/?page_id=3487","title":{"rendered":"Three Columns Space"},"content":{"rendered":"<section class=\"wpb-content-wrapper\"><p>[vc_row content_width=&#8221;grid&#8221;][vc_column]<div class = \"edgtf-portfolio-list-holder-outer edgtf-ptf-gallery-with-space edgtf-ptf-three-columns edgtf-ptf-load-more edgtf-ptf-has-filter edgtf-hover-post-info-border\" data-next-page=\"2\" data-type=\"gallery-with-space\" data-columns=\"3\" data-grid-size=\"three\" data-order-by=\"date\" data-order=\"ASC\" data-number=\"9\" data-image-size=\"full\" data-filter=\"yes\" data-filter-order-by=\"name\" data-category=\"modern\" data-show-load-more=\"yes\" data-title-tag=\"h4\" data-max-num-pages = 1><div class=\"edgtf-portfolio-filter-holder \">\n    <div class=\"edgtf-portfolio-filter-holder-inner\">\n                        \t<h6 class=\"edgtf-filter-heading\">Filter:<\/h6>\n            <ul class=\"edgtf-portfolio-filter-parent-categories clearfix\"\n                data-class=\"filter_1175942453\">\n                                <li class=\"edgtf-all-filter filter edgtf-parent-filter filter_1175942453\" data-filter=\"*\"><h6>All<\/h6><\/li>\n                                                            <li class=\"edgtf-parent-filter filter_1175942453\"\n                            data-filter=\".portfolio_category_89, .portfolio_category_75\"\n                            data-class=\"filter_1175942453\"\n                            data-group-id=\"68\"><h6>Program<\/h6>\n                        <\/li>\n                                <\/ul>\n        \n                    <div class=\"edgtf-portfolio-filter-child-categories-holder\">\n                                    <ul class=\"edgtf-portfolio-filter-child-categories clearfix single-category\"\n                        data-parent-id=\"68\">\n                                                        <li data-class=\"filter_1175942453\"\n                                    class=\"filter_1175942453 edgtf-filter-all\" data-filter=\".portfolio_category_89, .portfolio_category_75, .portfolio_category_68\">\n                                    <p>All<\/p><\/li>\n                                                                <li data-class=\"filter_1175942453\"\n                                        class=\"edgtf-child-filter filter_1175942453\"\n                                        data-filter=\".portfolio_category_89\">\n\t\t\t\t\t\t\t\t\t\t<p>\n\t\t\t\t\t\t\t\t\t\t\tCultural\t\t\t\t\t\t\t\t\t\t<\/p>\n                                    <\/li>\n                                                                    <li data-class=\"filter_1175942453\"\n                                        class=\"edgtf-child-filter filter_1175942453\"\n                                        data-filter=\".portfolio_category_75\">\n\t\t\t\t\t\t\t\t\t\t<p>\n\t\t\t\t\t\t\t\t\t\t\tUrban\t\t\t\t\t\t\t\t\t\t<\/p>\n                                    <\/li>\n                                                    <\/ul>\n                            <\/div>\n            <\/div>\n<\/div><div class = \"edgtf-portfolio-list-holder clearfix\" ><article class=\"edgtf-portfolio-item mix portfolio_category_89 portfolio_category_75\" >\n\t<a class=\"edgtf-portfolio-link\" href=\"https:\/\/www.polatkanyapi.com\/?portfolio-item=zen-house-2\"><\/a>\n\t<div class=\"edgtf-item-image-holder\">\n\t<img loading=\"lazy\" decoding=\"async\" width=\"1920\" height=\"1039\" src=\"https:\/\/www.polatkanyapi.com\/wp-content\/uploads\/2015\/04\/3.jpg\" class=\"attachment-full size-full wp-post-image\" alt=\"\" srcset=\"https:\/\/www.polatkanyapi.com\/wp-content\/uploads\/2015\/04\/3.jpg 1920w, https:\/\/www.polatkanyapi.com\/wp-content\/uploads\/2015\/04\/3-300x162.jpg 300w, https:\/\/www.polatkanyapi.com\/wp-content\/uploads\/2015\/04\/3-1024x554.jpg 1024w, https:\/\/www.polatkanyapi.com\/wp-content\/uploads\/2015\/04\/3-768x416.jpg 768w, https:\/\/www.polatkanyapi.com\/wp-content\/uploads\/2015\/04\/3-1536x831.jpg 1536w, https:\/\/www.polatkanyapi.com\/wp-content\/uploads\/2015\/04\/3-600x325.jpg 600w\" sizes=\"(max-width: 1920px) 100vw, 1920px\" \/>\t\t\t\t\n\t<\/div>\n\t<div class=\"edgtf-item-text-overlay\">\n\t\t<div class=\"edgtf-item-text-overlay-inner\">\n\t\t\t<div class=\"edgtf-item-text-holder\">\n\t\t\t\t<div class=\"edgtf-item-text-holder-inner\">\n\t\t\t\t\t<h4 class=\"edgtf-item-title\">\n\t\t\t\t\t\tPolatkan Cadde AVM\t\t\t\t\t<\/h4>\n\t\t\t\t\t<span class=\"edgtf-ptf-line\"><\/span>\n\t\t\t\t\t<h6 class=\"edgtf-ptf-category-holder\"><span>Cultural<\/span>, <span>Urban<\/span><\/h6>\t\t\t\t<\/div>\n\t\t\t<\/div>\n\t\t<\/div>\n\t\t\t<\/div>\n\t<\/article>\n<div class='edgtf-portfolio-gap'><\/div>\n<div class='edgtf-portfolio-gap'><\/div>\n<div class='edgtf-portfolio-gap'><\/div>\n<\/div><\/div>[\/vc_column][\/vc_row]<\/p>\n<\/section>","protected":false},"excerpt":{"rendered":"<p>\u015eehrin merkezinde, cadde ve avm i\u00e7i ma\u011fazalar\u0131yla \u015eanl\u0131urfa&#8217;ya ba\u015fka bir vizyon katmak i\u00e7in Polatkan Cadde AVM ile geliyoruz&#8230;<\/p>\n","protected":false},"author":1,"featured_media":0,"parent":3475,"menu_order":0,"comment_status":"closed","ping_status":"closed","template":"full-width.php","meta":{"footnotes":""},"class_list":["post-3487","page","type-page","status-publish","hentry"],"_links":{"self":[{"href":"https:\/\/www.polatkanyapi.com\/index.php?rest_route=\/wp\/v2\/pages\/3487"}],"collection":[{"href":"https:\/\/www.polatkanyapi.com\/index.php?rest_route=\/wp\/v2\/pages"}],"about":[{"href":"https:\/\/www.polatkanyapi.com\/index.php?rest_route=\/wp\/v2\/types\/page"}],"author":[{"embeddable":true,"href":"https:\/\/www.polatkanyapi.com\/index.php?rest_route=\/wp\/v2\/users\/1"}],"replies":[{"embeddable":true,"href":"https:\/\/www.polatkanyapi.com\/index.php?rest_route=%2Fwp%2Fv2%2Fcomments&post=3487"}],"version-history":[{"count":0,"href":"https:\/\/www.polatkanyapi.com\/index.php?rest_route=\/wp\/v2\/pages\/3487\/revisions"}],"up":[{"embeddable":true,"href":"https:\/\/www.polatkanyapi.com\/index.php?rest_route=\/wp\/v2\/pages\/3475"}],"wp:attachment":[{"href":"https:\/\/www.polatkanyapi.com\/index.php?rest_route=%2Fwp%2Fv2%2Fmedia&parent=3487"}],"curies":[{"name":"wp","href":"https:\/\/api.w.org\/{rel}","templated":true}]}}