{"id":4176,"date":"2016-04-28T10:00:43","date_gmt":"2016-04-28T10:00:43","guid":{"rendered":"http:\/\/ratio.edge-themes.com\/?page_id=4176"},"modified":"2024-01-06T21:49:43","modified_gmt":"2024-01-06T21:49:43","slug":"meet-the-team","status":"publish","type":"page","link":"https:\/\/www.polatkanyapi.com\/?page_id=4176","title":{"rendered":"Y\u00f6netici Kadromuz"},"content":{"rendered":"<section class=\"wpb-content-wrapper\"><p>[vc_row content_width=&#8221;grid&#8221; content_aligment=&#8221;center&#8221; css=&#8221;.vc_custom_1460559766088{padding-top: 104px !important;padding-bottom: 69px !important;}&#8221;][vc_column][vc_column_text]<\/p>\n<h2>Y\u00f6netim Kurulu<\/h2>\n<p>[\/vc_column_text][vc_empty_space height=&#8221;15px&#8221;]\n<p class=\"edgtf-section-subtitle vc_custom_1704577729733\" style=\"text-align:center\">\n\tPolatkan Ailesi 3. nesli ile sekt\u00f6r\u00fcn ana akt\u00f6rlerinden.<\/p><div class=\"edgtf-separator-holder clearfix  edgtf-separator-center\">\n\t<div class=\"edgtf-separator\" style=\"border-color: #e7bd74;border-style: solid;width: 50px;border-bottom-width: 1px;margin-top: 16px;margin-bottom: 16px\"><\/div>\n<\/div>\n[\/vc_column][\/vc_row][vc_row content_width=&#8221;grid&#8221; css=&#8221;.vc_custom_1460560176737{padding-bottom: 65px !important;}&#8221;][vc_column offset=&#8221;vc_col-lg-4 vc_col-md-12&#8243;]\n<div class=\"edgtf-team main-info-below-image\">\n\t<div class=\"edgtf-team-inner\">\n\t\t\t\t\t<div class=\"edgtf-team-image\">\n                <img loading=\"lazy\" decoding=\"async\" width=\"1403\" height=\"1433\" src=\"https:\/\/www.polatkanyapi.com\/wp-content\/uploads\/2024\/01\/necmi-polatkan-1-scaled-e1704575968274.jpg\" class=\"attachment-full size-full\" alt=\"\" srcset=\"https:\/\/www.polatkanyapi.com\/wp-content\/uploads\/2024\/01\/necmi-polatkan-1-scaled-e1704575968274.jpg 1403w, https:\/\/www.polatkanyapi.com\/wp-content\/uploads\/2024\/01\/necmi-polatkan-1-scaled-e1704575968274-294x300.jpg 294w, https:\/\/www.polatkanyapi.com\/wp-content\/uploads\/2024\/01\/necmi-polatkan-1-scaled-e1704575968274-1003x1024.jpg 1003w, https:\/\/www.polatkanyapi.com\/wp-content\/uploads\/2024\/01\/necmi-polatkan-1-scaled-e1704575968274-768x784.jpg 768w, https:\/\/www.polatkanyapi.com\/wp-content\/uploads\/2024\/01\/necmi-polatkan-1-scaled-e1704575968274-320x327.jpg 320w, https:\/\/www.polatkanyapi.com\/wp-content\/uploads\/2024\/01\/necmi-polatkan-1-scaled-e1704575968274-480x490.jpg 480w, https:\/\/www.polatkanyapi.com\/wp-content\/uploads\/2024\/01\/necmi-polatkan-1-scaled-e1704575968274-800x817.jpg 800w, https:\/\/www.polatkanyapi.com\/wp-content\/uploads\/2024\/01\/necmi-polatkan-1-scaled-e1704575968274-600x613.jpg 600w\" sizes=\"(max-width: 1403px) 100vw, 1403px\" \/>\t\t\t<\/div>\n\t\t\n\t\t\t\t\t<div class=\"edgtf-team-info\">\n\t\t\t\t\t\t\t\t\t<div class=\"edgtf-team-title-holder normal\">\n\t\t\t\t\t\t\t\t\t\t\t\t\t<h3 class=\"edgtf-team-name\">\n\t\t\t\t\t\t\t\tNecmi Polatkan\t\t\t\t\t\t\t<\/h3>\n\t\t\t\t\t\t\t\t\t\t\t\t\t\t\t\t\t\t\t<h6 class=\"edgtf-team-position\">Y\u00f6netim Kurulu Ba\u015fkan\u0131<\/h6>\n\t\t\t\t\t\t\t\t\t\t\t<\/div>\n\t\t\t\t\n\t\t\t\t\n\t\t<div class=\"edgtf-team-social-holder-between\">\n\t\t\t<div class=\"edgtf-team-social normal\">\n\t\t\t\t<div class=\"edgtf-team-social-inner\">\n\t\t\t\t\t<div class=\"edgtf-team-social-wrapp\">\n\n\t\t\t\t\t\t\n    <span class=\"edgtf-icon-shortcode normal \"  >\n                            <a href=\"https:\/\/www.instagram.com\/\" target=\"_blank\" >\n        \n        <span class=\"edgtf-icon-ico-moon icomoon-icon-instagram edgtf-icon-element\" style=\"\" ><\/span>\n                    <\/a>\n            <\/span>\n\n\n    <span class=\"edgtf-icon-shortcode normal \"  >\n                            <a href=\"https:\/\/twitter.com\/\" target=\"_blank\" >\n        \n        <span class=\"edgtf-icon-ico-moon icomoon-icon-twitter edgtf-icon-element\" style=\"\" ><\/span>\n                    <\/a>\n            <\/span>\n\n\n    <span class=\"edgtf-icon-shortcode normal \"  >\n                            <a href=\"https:\/\/www.facebook.com\/\" target=\"_blank\" >\n        \n        <span class=\"edgtf-icon-ico-moon icomoon-icon-facebook edgtf-icon-element\" style=\"\" ><\/span>\n                    <\/a>\n            <\/span>\n\n\n    <span class=\"edgtf-icon-shortcode normal \"  >\n                            <a href=\"https:\/\/www.tumblr.com\/\" target=\"_blank\" >\n        \n        <span class=\"edgtf-icon-ico-moon icomoon-icon-tumblr edgtf-icon-element\" style=\"\" ><\/span>\n                    <\/a>\n            <\/span>\n\n\n\t\t\t\t\t<\/div>\n\t\t\t\t<\/div>\n\t\t\t<\/div>\n\t\t<\/div>\n\n\t\t\t\t<\/div>\n\t\t\t<\/div>\n<\/div>[vc_empty_space height=&#8221;40px&#8221;][\/vc_column][vc_column offset=&#8221;vc_col-lg-4 vc_col-md-12&#8243;]\n<div class=\"edgtf-team main-info-below-image\">\n\t<div class=\"edgtf-team-inner\">\n\t\t\n\t\t\t\t\t<div class=\"edgtf-team-info\">\n\t\t\t\t\t\t\t\t\t<div class=\"edgtf-team-title-holder normal\">\n\t\t\t\t\t\t\t\t\t\t\t\t\t<h3 class=\"edgtf-team-name\">\n\t\t\t\t\t\t\t\tHalit Polatkan\t\t\t\t\t\t\t<\/h3>\n\t\t\t\t\t\t\t\t\t\t\t\t\t\t\t\t\t\t\t<h6 class=\"edgtf-team-position\">Y\u00f6netim Kurulu Ba\u015fkan Yrd.<\/h6>\n\t\t\t\t\t\t\t\t\t\t\t<\/div>\n\t\t\t\t\n\t\t\t\t\n\t\t<div class=\"edgtf-team-social-holder-between\">\n\t\t\t<div class=\"edgtf-team-social normal\">\n\t\t\t\t<div class=\"edgtf-team-social-inner\">\n\t\t\t\t\t<div class=\"edgtf-team-social-wrapp\">\n\n\t\t\t\t\t\t\n    <span class=\"edgtf-icon-shortcode normal \"  >\n                            <a href=\"https:\/\/www.instagram.com\/\" target=\"_blank\" >\n        \n        <span class=\"edgtf-icon-ico-moon icomoon-icon-instagram edgtf-icon-element\" style=\"\" ><\/span>\n                    <\/a>\n            <\/span>\n\n\n    <span class=\"edgtf-icon-shortcode normal \"  >\n                            <a href=\"https:\/\/twitter.com\/\" target=\"_blank\" >\n        \n        <span class=\"edgtf-icon-ico-moon icomoon-icon-twitter edgtf-icon-element\" style=\"\" ><\/span>\n                    <\/a>\n            <\/span>\n\n\n    <span class=\"edgtf-icon-shortcode normal \"  >\n                            <a href=\"https:\/\/www.facebook.com\/\" target=\"_blank\" >\n        \n        <span class=\"edgtf-icon-ico-moon icomoon-icon-facebook edgtf-icon-element\" style=\"\" ><\/span>\n                    <\/a>\n            <\/span>\n\n\n    <span class=\"edgtf-icon-shortcode normal \"  >\n                            <a href=\"https:\/\/www.tumblr.com\/\" target=\"_blank\" >\n        \n        <span class=\"edgtf-icon-ico-moon icomoon-icon-tumblr edgtf-icon-element\" style=\"\" ><\/span>\n                    <\/a>\n            <\/span>\n\n\n\t\t\t\t\t<\/div>\n\t\t\t\t<\/div>\n\t\t\t<\/div>\n\t\t<\/div>\n\n\t\t\t\t<\/div>\n\t\t\t<\/div>\n<\/div>[vc_empty_space height=&#8221;40px&#8221;][\/vc_column][vc_column offset=&#8221;vc_col-lg-4 vc_col-md-12&#8243;]\n<div class=\"edgtf-team main-info-below-image\">\n\t<div class=\"edgtf-team-inner\">\n\t\t\n\t\t\t\t\t<div class=\"edgtf-team-info\">\n\t\t\t\t\t\t\t\t\t<div class=\"edgtf-team-title-holder normal\">\n\t\t\t\t\t\t\t\t\t\t\t\t\t<h3 class=\"edgtf-team-name\">\n\t\t\t\t\t\t\t\tMehmet Selim Polatkan\t\t\t\t\t\t\t<\/h3>\n\t\t\t\t\t\t\t\t\t\t\t\t\t\t\t\t\t\t\t<h6 class=\"edgtf-team-position\">Y\u00f6netim Kurulu Ba\u015fkan Yrd.<\/h6>\n\t\t\t\t\t\t\t\t\t\t\t<\/div>\n\t\t\t\t\n\t\t\t\t\n\t\t<div class=\"edgtf-team-social-holder-between\">\n\t\t\t<div class=\"edgtf-team-social normal\">\n\t\t\t\t<div class=\"edgtf-team-social-inner\">\n\t\t\t\t\t<div class=\"edgtf-team-social-wrapp\">\n\n\t\t\t\t\t\t\n    <span class=\"edgtf-icon-shortcode normal \"  >\n                            <a href=\"https:\/\/www.instagram.com\/\" target=\"_blank\" >\n        \n        <span class=\"edgtf-icon-ico-moon icomoon-icon-instagram edgtf-icon-element\" style=\"\" ><\/span>\n                    <\/a>\n            <\/span>\n\n\n    <span class=\"edgtf-icon-shortcode normal \"  >\n                            <a href=\"https:\/\/twitter.com\/\" target=\"_blank\" >\n        \n        <span class=\"edgtf-icon-ico-moon icomoon-icon-twitter edgtf-icon-element\" style=\"\" ><\/span>\n                    <\/a>\n            <\/span>\n\n\n    <span class=\"edgtf-icon-shortcode normal \"  >\n                            <a href=\"https:\/\/www.facebook.com\/\" target=\"_blank\" >\n        \n        <span class=\"edgtf-icon-ico-moon icomoon-icon-facebook edgtf-icon-element\" style=\"\" ><\/span>\n                    <\/a>\n            <\/span>\n\n\n    <span class=\"edgtf-icon-shortcode normal \"  >\n                            <a href=\"https:\/\/www.tumblr.com\/\" target=\"_blank\" >\n        \n        <span class=\"edgtf-icon-ico-moon icomoon-icon-tumblr edgtf-icon-element\" style=\"\" ><\/span>\n                    <\/a>\n            <\/span>\n\n\n\t\t\t\t\t<\/div>\n\t\t\t\t<\/div>\n\t\t\t<\/div>\n\t\t<\/div>\n\n\t\t\t\t<\/div>\n\t\t\t<\/div>\n<\/div>[vc_empty_space height=&#8221;40px&#8221;][\/vc_column][\/vc_row][vc_row content_width=&#8221;grid&#8221; css=&#8221;.vc_custom_1460560176737{padding-bottom: 65px !important;}&#8221;][vc_column offset=&#8221;vc_col-lg-4 vc_col-md-12&#8243;][vc_empty_space height=&#8221;40px&#8221;][\/vc_column][vc_column offset=&#8221;vc_col-lg-4 vc_col-md-12&#8243;][vc_empty_space height=&#8221;40px&#8221;][\/vc_column][vc_column offset=&#8221;vc_col-lg-4 vc_col-md-12&#8243;][vc_empty_space height=&#8221;40px&#8221;][\/vc_column][\/vc_row][vc_row content_width=&#8221;grid&#8221; css=&#8221;.vc_custom_1460560176737{padding-bottom: 65px !important;}&#8221;][vc_column offset=&#8221;vc_col-lg-4 vc_col-md-12&#8243;][vc_empty_space height=&#8221;40px&#8221;][\/vc_column][vc_column offset=&#8221;vc_col-lg-4 vc_col-md-12&#8243;][vc_empty_space height=&#8221;40px&#8221;][\/vc_column][vc_column offset=&#8221;vc_col-lg-4 vc_col-md-12&#8243;][vc_empty_space height=&#8221;40px&#8221;][\/vc_column][\/vc_row][vc_row row_type=&#8221;parallax&#8221; content_width=&#8221;grid&#8221; full_screen_section_height=&#8221;no&#8221; parallax_background_image=&#8221;4197&#8243; css=&#8221;.vc_custom_1461845008172{padding-top: 5.8% !important;padding-bottom: 3.7% !important;}&#8221;][vc_column width=&#8221;1\/2&#8243; offset=&#8221;vc_col-lg-3 vc_col-md-3 vc_col-xs-6&#8243;]<div class=\"edgtf-separator-holder clearfix  edgtf-separator-left\">\n\t<div class=\"edgtf-separator\" style=\"border-color: #e7bd74;border-style: solid;width: 50px;border-bottom-width: 1px;margin-top: 18px;margin-bottom: 15px\"><\/div>\n<\/div>\n[vc_widget_sidebar sidebar_id=&#8221;architects&#8221;][vc_empty_space height=&#8221;40px&#8221;][\/vc_column][vc_column width=&#8221;1\/2&#8243; offset=&#8221;vc_col-lg-3 vc_col-md-3 vc_col-xs-6&#8243;]<div class=\"edgtf-separator-holder clearfix  edgtf-separator-left\">\n\t<div class=\"edgtf-separator\" style=\"border-color: #e7bd74;border-style: solid;width: 50px;border-bottom-width: 1px;margin-top: 18px;margin-bottom: 15px\"><\/div>\n<\/div>\n[vc_widget_sidebar sidebar_id=&#8221;designers&#8221;][vc_empty_space height=&#8221;40px&#8221;][\/vc_column][vc_column width=&#8221;1\/2&#8243; offset=&#8221;vc_col-lg-3 vc_col-md-3 vc_col-xs-6&#8243;]<div class=\"edgtf-separator-holder clearfix  edgtf-separator-left\">\n\t<div class=\"edgtf-separator\" style=\"border-color: #e7bd74;border-style: solid;width: 50px;border-bottom-width: 1px;margin-top: 18px;margin-bottom: 15px\"><\/div>\n<\/div>\n[vc_widget_sidebar sidebar_id=&#8221;modellers&#8221;][vc_empty_space height=&#8221;40px&#8221;][\/vc_column][vc_column width=&#8221;1\/2&#8243; offset=&#8221;vc_col-lg-3 vc_col-md-3 vc_col-xs-6&#8243;]<div class=\"edgtf-separator-holder clearfix  edgtf-separator-left\">\n\t<div class=\"edgtf-separator\" style=\"border-color: #e7bd74;border-style: solid;width: 50px;border-bottom-width: 1px;margin-top: 18px;margin-bottom: 15px\"><\/div>\n<\/div>\n[vc_widget_sidebar sidebar_id=&#8221;stuff&#8221;][vc_empty_space height=&#8221;40px&#8221;][\/vc_column][\/vc_row]<\/p>\n<\/section>","protected":false},"excerpt":{"rendered":"<p>[vc_row content_width=&#8221;grid&#8221; content_aligment=&#8221;center&#8221; css=&#8221;.vc_custom_1460559766088{padding-top: 104px !important;padding-bottom: 69px !important;}&#8221;][vc_column][vc_column_text] Y\u00f6netim Kurulu [\/vc_column_text][vc_empty_space height=&#8221;15px&#8221;][\/vc_column][\/vc_row][vc_row content_width=&#8221;grid&#8221; css=&#8221;.vc_custom_1460560176737{padding-bottom: 65px !important;}&#8221;][vc_column offset=&#8221;vc_col-lg-4 vc_col-md-12&#8243;][vc_empty_space height=&#8221;40px&#8221;][\/vc_column][vc_column offset=&#8221;vc_col-lg-4 vc_col-md-12&#8243;][vc_empty_space height=&#8221;40px&#8221;][\/vc_column][vc_column offset=&#8221;vc_col-lg-4 vc_col-md-12&#8243;][vc_empty_space height=&#8221;40px&#8221;][\/vc_column][\/vc_row][vc_row content_width=&#8221;grid&#8221; css=&#8221;.vc_custom_1460560176737{padding-bottom: 65px !important;}&#8221;][vc_column offset=&#8221;vc_col-lg-4 vc_col-md-12&#8243;][vc_empty_space height=&#8221;40px&#8221;][\/vc_column][vc_column offset=&#8221;vc_col-lg-4 vc_col-md-12&#8243;][vc_empty_space height=&#8221;40px&#8221;][\/vc_column][vc_column offset=&#8221;vc_col-lg-4 vc_col-md-12&#8243;][vc_empty_space height=&#8221;40px&#8221;][\/vc_column][\/vc_row][vc_row content_width=&#8221;grid&#8221; css=&#8221;.vc_custom_1460560176737{padding-bottom: 65px !important;}&#8221;][vc_column offset=&#8221;vc_col-lg-4 vc_col-md-12&#8243;][vc_empty_space height=&#8221;40px&#8221;][\/vc_column][vc_column&#8230;<\/p>\n","protected":false},"author":1,"featured_media":0,"parent":0,"menu_order":0,"comment_status":"closed","ping_status":"closed","template":"full-width.php","meta":{"footnotes":""},"class_list":["post-4176","page","type-page","status-publish","hentry"],"_links":{"self":[{"href":"https:\/\/www.polatkanyapi.com\/index.php?rest_route=\/wp\/v2\/pages\/4176"}],"collection":[{"href":"https:\/\/www.polatkanyapi.com\/index.php?rest_route=\/wp\/v2\/pages"}],"about":[{"href":"https:\/\/www.polatkanyapi.com\/index.php?rest_route=\/wp\/v2\/types\/page"}],"author":[{"embeddable":true,"href":"https:\/\/www.polatkanyapi.com\/index.php?rest_route=\/wp\/v2\/users\/1"}],"replies":[{"embeddable":true,"href":"https:\/\/www.polatkanyapi.com\/index.php?rest_route=%2Fwp%2Fv2%2Fcomments&post=4176"}],"version-history":[{"count":5,"href":"https:\/\/www.polatkanyapi.com\/index.php?rest_route=\/wp\/v2\/pages\/4176\/revisions"}],"predecessor-version":[{"id":6641,"href":"https:\/\/www.polatkanyapi.com\/index.php?rest_route=\/wp\/v2\/pages\/4176\/revisions\/6641"}],"wp:attachment":[{"href":"https:\/\/www.polatkanyapi.com\/index.php?rest_route=%2Fwp%2Fv2%2Fmedia&parent=4176"}],"curies":[{"name":"wp","href":"https:\/\/api.w.org\/{rel}","templated":true}]}}